{"id":17647,"date":"2024-08-28T06:16:00","date_gmt":"2024-08-28T04:16:00","guid":{"rendered":"https:\/\/www.kurkliniken.de\/jobs\/?page_id=17647"},"modified":"2024-11-13T12:17:49","modified_gmt":"2024-11-13T11:17:49","slug":"bewerber-und-stellenangebote","status":"publish","type":"page","link":"https:\/\/www.kurkliniken.de\/jobs\/","title":{"rendered":"&#8216;Medical Jobs&#8217;: Die Jobb\u00f6rse auf Kurkliniken.de"},"content":{"rendered":"<p>Kurkliniken.de unterst\u00fctzt Kliniken und Gesundheits-Dienstleister mit der Stellenb\u00f6rse &#8220;<strong>Medical Jobs<\/strong>&#8221; dabei, qualifiziertes Personal zu finden.<\/p>\n<p>Bewerber*innen aus medizinischen bzw. Pflegeberufen k\u00f6nnen Ihren Lebenslauf kostenlos einstellen.<\/p>\n<div id=\"attachment_544\" class=\"wp-caption alignnone\"><\/div>\n<p>&nbsp;<\/p>\n<div id=\"s3gt_translate_tooltip_mini\" class=\"s3gt_translate_tooltip_mini_box\" style=\"background: initial !important; border: initial !important; border-radius: initial !important; border-spacing: initial !important; border-collapse: initial !important; direction: ltr !important; flex-direction: initial !important; font-weight: initial !important; height: initial !important; letter-spacing: initial !important; min-width: initial !important; max-width: initial !important; min-height: initial !important; max-height: initial !important; margin: auto !important; outline: initial !important; padding: initial !important; position: absolute; table-layout: initial !important; text-align: initial !important; text-shadow: initial !important; width: initial !important; word-break: initial !important; word-spacing: initial !important; overflow-wrap: initial !important; box-sizing: initial !important; display: initial !important; color: inherit !important; font-size: 13px !important; font-family: X-LocaleSpecific, sans-serif, Tahoma, Helvetica !important; line-height: 13px !important; vertical-align: top !important; white-space: inherit !important; left: 130px; top: 221px; opacity: 0.55;\">\n<div id=\"s3gt_translate_tooltip_mini_logo\" class=\"s3gt_translate_tooltip_mini\" title=\"Markierten Text \u00fcbersetzen\"><\/div>\n<div id=\"s3gt_translate_tooltip_mini_sound\" class=\"s3gt_translate_tooltip_mini\" title=\"Abspielen\"><\/div>\n<div id=\"s3gt_translate_tooltip_mini_copy\" class=\"s3gt_translate_tooltip_mini\" title=\"In Zwischenablage kopieren\"><\/div>\n<\/div>\n","protected":false},"excerpt":{"rendered":"<p>Kurkliniken.de unterst\u00fctzt Kliniken und Gesundheits-Dienstleister mit der Stellenb\u00f6rse &#8220;Medical Jobs&#8221; dabei, qualifiziertes Personal zu finden. Bewerber*innen aus medizinischen bzw. Pflegeberufen k\u00f6nnen Ihren Lebenslauf kostenlos einstellen. &nbsp;<\/p>\n","protected":false},"author":1,"featured_media":91,"parent":0,"menu_order":0,"comment_status":"closed","ping_status":"closed","template":"template-modules.php","meta":{"footnotes":""},"class_list":["post-17647","page","type-page","status-publish","has-post-thumbnail","hentry"],"yoast_head":"<!-- This site is optimized with the Yoast SEO plugin v27.5 - https:\/\/yoast.com\/product\/yoast-seo-wordpress\/ -->\n<title>&#039;Medical Jobs&#039;: Die Jobb\u00f6rse auf Kurkliniken.de - Kurkliniken.de - Medical Jobs<\/title>\n<meta name=\"description\" content=\"Jobb\u00f6rse von Kurkliniken.de \/ Rehazentren.de\" \/>\n<meta name=\"robots\" content=\"index, follow, max-snippet:-1, max-image-preview:large, max-video-preview:-1\" \/>\n<link rel=\"canonical\" href=\"https:\/\/www.kurkliniken.de\/jobs\/\" \/>\n<meta property=\"og:locale\" content=\"de_DE\" \/>\n<meta property=\"og:type\" content=\"article\" \/>\n<meta property=\"og:title\" content=\"&#039;Medical Jobs&#039;: Die Jobb\u00f6rse auf Kurkliniken.de - Kurkliniken.de - Medical Jobs\" \/>\n<meta property=\"og:description\" content=\"Jobb\u00f6rse von Kurkliniken.de \/ Rehazentren.de\" \/>\n<meta property=\"og:url\" content=\"https:\/\/www.kurkliniken.de\/jobs\/\" \/>\n<meta property=\"og:site_name\" content=\"Kurkliniken.de - Medical Jobs\" \/>\n<meta property=\"article:publisher\" content=\"https:\/\/www.facebook.com\/rehacafe\" \/>\n<meta property=\"article:modified_time\" content=\"2024-11-13T11:17:49+00:00\" \/>\n<meta property=\"og:image\" content=\"https:\/\/www.kurkliniken.de\/jobs\/wp-content\/uploads\/2019\/07\/stellensuchende-aerztin.jpg\" \/>\n\t<meta property=\"og:image:width\" content=\"866\" \/>\n\t<meta property=\"og:image:height\" content=\"577\" \/>\n\t<meta property=\"og:image:type\" content=\"image\/jpeg\" \/>\n<meta name=\"twitter:card\" content=\"summary_large_image\" \/>\n<meta name=\"twitter:site\" content=\"@kurkliniken_de\" \/>\n<meta name=\"twitter:label1\" content=\"Gesch\u00e4tzte Lesezeit\" \/>\n\t<meta name=\"twitter:data1\" content=\"1\u00a0Minute\" \/>\n<script type=\"application\/ld+json\" class=\"yoast-schema-graph\">{\"@context\":\"https:\\\/\\\/schema.org\",\"@graph\":[{\"@type\":\"WebPage\",\"@id\":\"https:\\\/\\\/www.kurkliniken.de\\\/jobs\\\/\",\"url\":\"https:\\\/\\\/www.kurkliniken.de\\\/jobs\\\/\",\"name\":\"'Medical Jobs': Die Jobb\u00f6rse auf Kurkliniken.de - Kurkliniken.de - Medical Jobs\",\"isPartOf\":{\"@id\":\"https:\\\/\\\/www.kurkliniken.de\\\/jobs\\\/#website\"},\"primaryImageOfPage\":{\"@id\":\"https:\\\/\\\/www.kurkliniken.de\\\/jobs\\\/#primaryimage\"},\"image\":{\"@id\":\"https:\\\/\\\/www.kurkliniken.de\\\/jobs\\\/#primaryimage\"},\"thumbnailUrl\":\"https:\\\/\\\/www.kurkliniken.de\\\/jobs\\\/wp-content\\\/uploads\\\/2019\\\/07\\\/stellensuchende-aerztin.jpg\",\"datePublished\":\"2024-08-28T04:16:00+00:00\",\"dateModified\":\"2024-11-13T11:17:49+00:00\",\"description\":\"Jobb\u00f6rse von Kurkliniken.de \\\/ Rehazentren.de\",\"breadcrumb\":{\"@id\":\"https:\\\/\\\/www.kurkliniken.de\\\/jobs\\\/#breadcrumb\"},\"inLanguage\":\"de\",\"potentialAction\":[{\"@type\":\"ReadAction\",\"target\":[\"https:\\\/\\\/www.kurkliniken.de\\\/jobs\\\/\"]}]},{\"@type\":\"ImageObject\",\"inLanguage\":\"de\",\"@id\":\"https:\\\/\\\/www.kurkliniken.de\\\/jobs\\\/#primaryimage\",\"url\":\"https:\\\/\\\/www.kurkliniken.de\\\/jobs\\\/wp-content\\\/uploads\\\/2019\\\/07\\\/stellensuchende-aerztin.jpg\",\"contentUrl\":\"https:\\\/\\\/www.kurkliniken.de\\\/jobs\\\/wp-content\\\/uploads\\\/2019\\\/07\\\/stellensuchende-aerztin.jpg\",\"width\":866,\"height\":577,\"caption\":\"Stellensuche\"},{\"@type\":\"BreadcrumbList\",\"@id\":\"https:\\\/\\\/www.kurkliniken.de\\\/jobs\\\/#breadcrumb\",\"itemListElement\":[{\"@type\":\"ListItem\",\"position\":1,\"name\":\"Startseite\",\"item\":\"https:\\\/\\\/www.kurkliniken.de\\\/jobs\\\/\"},{\"@type\":\"ListItem\",\"position\":2,\"name\":\"&#8218;Medical Jobs&#8216;: Die Jobb\u00f6rse auf Kurkliniken.de\"}]},{\"@type\":\"WebSite\",\"@id\":\"https:\\\/\\\/www.kurkliniken.de\\\/jobs\\\/#website\",\"url\":\"https:\\\/\\\/www.kurkliniken.de\\\/jobs\\\/\",\"name\":\"Kurkliniken.de - Medical Jobs\",\"description\":\"Jobb\u00f6rse f\u00fcr Gesundheit, Medizin und Pflege\",\"publisher\":{\"@id\":\"https:\\\/\\\/www.kurkliniken.de\\\/jobs\\\/#organization\"},\"potentialAction\":[{\"@type\":\"SearchAction\",\"target\":{\"@type\":\"EntryPoint\",\"urlTemplate\":\"https:\\\/\\\/www.kurkliniken.de\\\/jobs\\\/?s={search_term_string}\"},\"query-input\":{\"@type\":\"PropertyValueSpecification\",\"valueRequired\":true,\"valueName\":\"search_term_string\"}}],\"inLanguage\":\"de\"},{\"@type\":\"Organization\",\"@id\":\"https:\\\/\\\/www.kurkliniken.de\\\/jobs\\\/#organization\",\"name\":\"Kurkliniken.de - Medical Jobs\",\"url\":\"https:\\\/\\\/www.kurkliniken.de\\\/jobs\\\/\",\"logo\":{\"@type\":\"ImageObject\",\"inLanguage\":\"de\",\"@id\":\"https:\\\/\\\/www.kurkliniken.de\\\/jobs\\\/#\\\/schema\\\/logo\\\/image\\\/\",\"url\":\"https:\\\/\\\/www.kurkliniken.de\\\/jobs\\\/wp-content\\\/uploads\\\/2019\\\/07\\\/kk-logo-medical.jpg\",\"contentUrl\":\"https:\\\/\\\/www.kurkliniken.de\\\/jobs\\\/wp-content\\\/uploads\\\/2019\\\/07\\\/kk-logo-medical.jpg\",\"width\":357,\"height\":168,\"caption\":\"Kurkliniken.de - Medical Jobs\"},\"image\":{\"@id\":\"https:\\\/\\\/www.kurkliniken.de\\\/jobs\\\/#\\\/schema\\\/logo\\\/image\\\/\"},\"sameAs\":[\"https:\\\/\\\/www.facebook.com\\\/rehacafe\",\"https:\\\/\\\/x.com\\\/kurkliniken_de\"]}]}<\/script>\n<!-- \/ Yoast SEO plugin. -->","yoast_head_json":{"title":"'Medical Jobs': Die Jobb\u00f6rse auf Kurkliniken.de - Kurkliniken.de - Medical Jobs","description":"Jobb\u00f6rse von Kurkliniken.de \/ Rehazentren.de","robots":{"index":"index","follow":"follow","max-snippet":"max-snippet:-1","max-image-preview":"max-image-preview:large","max-video-preview":"max-video-preview:-1"},"canonical":"https:\/\/www.kurkliniken.de\/jobs\/","og_locale":"de_DE","og_type":"article","og_title":"'Medical Jobs': Die Jobb\u00f6rse auf Kurkliniken.de - Kurkliniken.de - Medical Jobs","og_description":"Jobb\u00f6rse von Kurkliniken.de \/ Rehazentren.de","og_url":"https:\/\/www.kurkliniken.de\/jobs\/","og_site_name":"Kurkliniken.de - Medical Jobs","article_publisher":"https:\/\/www.facebook.com\/rehacafe","article_modified_time":"2024-11-13T11:17:49+00:00","og_image":[{"width":866,"height":577,"url":"https:\/\/www.kurkliniken.de\/jobs\/wp-content\/uploads\/2019\/07\/stellensuchende-aerztin.jpg","type":"image\/jpeg"}],"twitter_card":"summary_large_image","twitter_site":"@kurkliniken_de","twitter_misc":{"Gesch\u00e4tzte Lesezeit":"1\u00a0Minute"},"schema":{"@context":"https:\/\/schema.org","@graph":[{"@type":"WebPage","@id":"https:\/\/www.kurkliniken.de\/jobs\/","url":"https:\/\/www.kurkliniken.de\/jobs\/","name":"'Medical Jobs': Die Jobb\u00f6rse auf Kurkliniken.de - Kurkliniken.de - Medical Jobs","isPartOf":{"@id":"https:\/\/www.kurkliniken.de\/jobs\/#website"},"primaryImageOfPage":{"@id":"https:\/\/www.kurkliniken.de\/jobs\/#primaryimage"},"image":{"@id":"https:\/\/www.kurkliniken.de\/jobs\/#primaryimage"},"thumbnailUrl":"https:\/\/www.kurkliniken.de\/jobs\/wp-content\/uploads\/2019\/07\/stellensuchende-aerztin.jpg","datePublished":"2024-08-28T04:16:00+00:00","dateModified":"2024-11-13T11:17:49+00:00","description":"Jobb\u00f6rse von Kurkliniken.de \/ Rehazentren.de","breadcrumb":{"@id":"https:\/\/www.kurkliniken.de\/jobs\/#breadcrumb"},"inLanguage":"de","potentialAction":[{"@type":"ReadAction","target":["https:\/\/www.kurkliniken.de\/jobs\/"]}]},{"@type":"ImageObject","inLanguage":"de","@id":"https:\/\/www.kurkliniken.de\/jobs\/#primaryimage","url":"https:\/\/www.kurkliniken.de\/jobs\/wp-content\/uploads\/2019\/07\/stellensuchende-aerztin.jpg","contentUrl":"https:\/\/www.kurkliniken.de\/jobs\/wp-content\/uploads\/2019\/07\/stellensuchende-aerztin.jpg","width":866,"height":577,"caption":"Stellensuche"},{"@type":"BreadcrumbList","@id":"https:\/\/www.kurkliniken.de\/jobs\/#breadcrumb","itemListElement":[{"@type":"ListItem","position":1,"name":"Startseite","item":"https:\/\/www.kurkliniken.de\/jobs\/"},{"@type":"ListItem","position":2,"name":"&#8218;Medical Jobs&#8216;: Die Jobb\u00f6rse auf Kurkliniken.de"}]},{"@type":"WebSite","@id":"https:\/\/www.kurkliniken.de\/jobs\/#website","url":"https:\/\/www.kurkliniken.de\/jobs\/","name":"Kurkliniken.de - Medical Jobs","description":"Jobb\u00f6rse f\u00fcr Gesundheit, Medizin und Pflege","publisher":{"@id":"https:\/\/www.kurkliniken.de\/jobs\/#organization"},"potentialAction":[{"@type":"SearchAction","target":{"@type":"EntryPoint","urlTemplate":"https:\/\/www.kurkliniken.de\/jobs\/?s={search_term_string}"},"query-input":{"@type":"PropertyValueSpecification","valueRequired":true,"valueName":"search_term_string"}}],"inLanguage":"de"},{"@type":"Organization","@id":"https:\/\/www.kurkliniken.de\/jobs\/#organization","name":"Kurkliniken.de - Medical Jobs","url":"https:\/\/www.kurkliniken.de\/jobs\/","logo":{"@type":"ImageObject","inLanguage":"de","@id":"https:\/\/www.kurkliniken.de\/jobs\/#\/schema\/logo\/image\/","url":"https:\/\/www.kurkliniken.de\/jobs\/wp-content\/uploads\/2019\/07\/kk-logo-medical.jpg","contentUrl":"https:\/\/www.kurkliniken.de\/jobs\/wp-content\/uploads\/2019\/07\/kk-logo-medical.jpg","width":357,"height":168,"caption":"Kurkliniken.de - Medical Jobs"},"image":{"@id":"https:\/\/www.kurkliniken.de\/jobs\/#\/schema\/logo\/image\/"},"sameAs":["https:\/\/www.facebook.com\/rehacafe","https:\/\/x.com\/kurkliniken_de"]}]}},"_links":{"self":[{"href":"https:\/\/www.kurkliniken.de\/jobs\/wp-json\/wp\/v2\/pages\/17647","targetHints":{"allow":["GET"]}}],"collection":[{"href":"https:\/\/www.kurkliniken.de\/jobs\/wp-json\/wp\/v2\/pages"}],"about":[{"href":"https:\/\/www.kurkliniken.de\/jobs\/wp-json\/wp\/v2\/types\/page"}],"author":[{"embeddable":true,"href":"https:\/\/www.kurkliniken.de\/jobs\/wp-json\/wp\/v2\/users\/1"}],"replies":[{"embeddable":true,"href":"https:\/\/www.kurkliniken.de\/jobs\/wp-json\/wp\/v2\/comments?post=17647"}],"version-history":[{"count":11,"href":"https:\/\/www.kurkliniken.de\/jobs\/wp-json\/wp\/v2\/pages\/17647\/revisions"}],"predecessor-version":[{"id":17678,"href":"https:\/\/www.kurkliniken.de\/jobs\/wp-json\/wp\/v2\/pages\/17647\/revisions\/17678"}],"wp:featuredmedia":[{"embeddable":true,"href":"https:\/\/www.kurkliniken.de\/jobs\/wp-json\/wp\/v2\/media\/91"}],"wp:attachment":[{"href":"https:\/\/www.kurkliniken.de\/jobs\/wp-json\/wp\/v2\/media?parent=17647"}],"curies":[{"name":"wp","href":"https:\/\/api.w.org\/{rel}","templated":true}]}}